{"id":7,"date":"2020-03-30T20:48:48","date_gmt":"2020-03-30T20:48:48","guid":{"rendered":"https:\/\/proyectosdigitales.colmex.mx\/?page_id=7"},"modified":"2024-04-05T18:38:01","modified_gmt":"2024-04-05T18:38:01","slug":"contact","status":"publish","type":"page","link":"https:\/\/proyectosdigitales.colmex.mx\/?page_id=7","title":{"rendered":"Contacto"},"content":{"rendered":"\n<p><em>Biblioteca Daniel Cos\u00edo Villegas<\/em><br><a href=\"http:\/\/www.colmex.mx\/\">El Colegio de M\u00e9xico A.C<\/a><br><em>Carretera Picacho Ajusco 20<\/em><br><em>Ampliaci\u00f3n Fuentes del Pedregal.<\/em><br><em>Delegaci\u00f3n Tlalpan<\/em><br><em>C.P. 14110<\/em><br><em>Ciudad de M\u00e9xico, M\u00e9xico.<\/em><br><em>55 5449-3000 ex. 2121, 2122<\/em><br><em>Lun- Vie 8:30 \u2013 20:30 hrs<\/em><br><em><a href=\"mailto:biblionet@colmex.mx\">asmartinez@colmex.mx<\/a><\/em><\/p>\n","protected":false},"excerpt":{"rendered":"<p>Biblioteca Daniel Cos\u00edo VillegasEl Colegio de M\u00e9xico A.CCarretera Picacho Ajusco 20Ampliaci\u00f3n Fuentes del Pedregal.Delegaci\u00f3n TlalpanC.P. 14110Ciudad de M\u00e9xico, M\u00e9xico.55 5449-3000 ex. 2121, 2122Lun- Vie 8:30 \u2013 20:30 hrsasmartinez@colmex.mx<\/p>\n","protected":false},"author":1,"featured_media":0,"parent":0,"menu_order":0,"comment_status":"closed","ping_status":"closed","template":"","meta":[],"_links":{"self":[{"href":"https:\/\/proyectosdigitales.colmex.mx\/index.php?rest_route=\/wp\/v2\/pages\/7"}],"collection":[{"href":"https:\/\/proyectosdigitales.colmex.mx\/index.php?rest_route=\/wp\/v2\/pages"}],"about":[{"href":"https:\/\/proyectosdigitales.colmex.mx\/index.php?rest_route=\/wp\/v2\/types\/page"}],"author":[{"embeddable":true,"href":"https:\/\/proyectosdigitales.colmex.mx\/index.php?rest_route=\/wp\/v2\/users\/1"}],"replies":[{"embeddable":true,"href":"https:\/\/proyectosdigitales.colmex.mx\/index.php?rest_route=%2Fwp%2Fv2%2Fcomments&post=7"}],"version-history":[{"count":5,"href":"https:\/\/proyectosdigitales.colmex.mx\/index.php?rest_route=\/wp\/v2\/pages\/7\/revisions"}],"predecessor-version":[{"id":415,"href":"https:\/\/proyectosdigitales.colmex.mx\/index.php?rest_route=\/wp\/v2\/pages\/7\/revisions\/415"}],"wp:attachment":[{"href":"https:\/\/proyectosdigitales.colmex.mx\/index.php?rest_route=%2Fwp%2Fv2%2Fmedia&parent=7"}],"curies":[{"name":"wp","href":"https:\/\/api.w.org\/{rel}","templated":true}]}}